{"id":136,"date":"2016-08-08T10:30:39","date_gmt":"2016-08-08T10:30:39","guid":{"rendered":"https:\/\/concept-tree.com\/chaumiere\/contact-us\/"},"modified":"2024-03-16T22:41:48","modified_gmt":"2024-03-16T21:41:48","slug":"contact","status":"publish","type":"page","link":"https:\/\/concept-tree.com\/chaumiere\/contact\/","title":{"rendered":"Contactez-nous!"},"content":{"rendered":"<div class=\"wpb-content-wrapper\"><p>[vc_row css=\u00a0\u00bb.vc_custom_1472112390615{margin-top: 100px !important;}\u00a0\u00bb][vc_column][vc_column_text]Le projet se construit jour apr\u00e8s jour, avec l&rsquo;\u00e9nergie de nombreux chaumontois.es. Envie d&rsquo;y ajouter la v\u00f4tre ?<br class=\"wixui-rich-text__text\" \/><br class=\"wixui-rich-text__text\" \/>Que ce soit pour des questions, des id\u00e9es, tenir le bar, organiser ou participer \u00e0 des activit\u00e9s&#8230; N&rsquo;h\u00e9sitez pas \u00e0 nous contacter par t\u00e9l\u00e9phone, par mail ou via le formulaire en bas de cette page!<\/p>\n<p class=\"font_8 wixui-rich-text__text\"><strong><span class=\"wixui-rich-text__text\">Permanences caf\u00e9<\/span><\/strong><\/p>\n<ul>\n<li class=\"font_8 wixui-rich-text__text\"><span class=\"wixui-rich-text__text\">Mercredi 9:00 &#8211; 17:00<\/span><\/li>\n<li class=\"font_8 wixui-rich-text__text\"><span class=\"wixui-rich-text__text\">Jeudi 17:00 &#8211; 21:00<\/span><\/li>\n<li class=\"font_8 wixui-rich-text__text\"><span class=\"wixui-rich-text__text\">Vendredi 17:00 &#8211; 22:00<\/span><\/li>\n<\/ul>\n<p class=\"font_8 wixui-rich-text__text\"><span class=\"wixui-rich-text__text\"><strong>Ateliers<\/strong><br class=\"wixui-rich-text__text\" \/><a href=\"https:\/\/concept-tree.com\/chaumiere\/agenda\/\">L&rsquo;agenda est disponible en cliquant ici<\/a>.<\/span><\/p>\n<p>[\/vc_column_text][\/vc_column][\/vc_row][vc_row css=\u00a0\u00bb.vc_custom_1470820618319{margin-top: 57px !important;margin-bottom: 65px !important;}\u00a0\u00bb][vc_column width=\u00a0\u00bb1\/3&Prime;][insight_icon_boxes style=\u00a0\u00bbicon_on_top\u00a0\u00bb icon_lib=\u00a0\u00bbfontawesome\u00a0\u00bb icon_fontawesome=\u00a0\u00bbfas fa-map-marked-alt\u00a0\u00bb element_tag=\u00a0\u00bbh6&Prime; title=\u00a0\u00bbNotre adresse\u00a0\u00bb]Rue de Corroy 2, 1325 Chaumont-Gistoux, Belgique[\/insight_icon_boxes][\/vc_column][vc_column width=\u00a0\u00bb1\/3&Prime;][insight_icon_boxes style=\u00a0\u00bbicon_on_top\u00a0\u00bb icon_lib=\u00a0\u00bbfontawesome\u00a0\u00bb icon_fontawesome=\u00a0\u00bbfab fa-facebook-square\u00a0\u00bb element_tag=\u00a0\u00bbh6&Prime; title=\u00a0\u00bbFacebook\u00a0\u00bb]https:\/\/www.facebook.com\/lachaumiere1325\/[\/insight_icon_boxes][\/vc_column][vc_column width=\u00a0\u00bb1\/3&Prime;][insight_icon_boxes style=\u00a0\u00bbicon_on_top\u00a0\u00bb icon_lib=\u00a0\u00bbfontawesome\u00a0\u00bb icon_fontawesome=\u00a0\u00bbfar fa-envelope\u00a0\u00bb element_tag=\u00a0\u00bbh6&Prime; title=\u00a0\u00bbEmail\u00a0\u00bb]lachaumiere1325@gmail.com[\/insight_icon_boxes][\/vc_column][\/vc_row][vc_row][vc_column][vc_separator css=\u00a0\u00bb.vc_custom_1470821123339{margin-bottom: 70px !important;}\u00a0\u00bb][vc_row_inner][vc_column_inner width=\u00a0\u00bb1\/6&Prime;][\/vc_column_inner][vc_column_inner width=\u00a0\u00bb4\/6&Prime;][vc_raw_html css=\u00a0\u00bb.vc_custom_1709750252556{margin-left: 50px !important;}\u00a0\u00bb]JTNDaWZyYW1lJTIwc3JjJTNEJTIyaHR0cHMlM0ElMkYlMkZ3d3cuZ29vZ2xlLmNvbSUyRm1hcHMlMkZlbWJlZCUzRnBiJTNEJTIxMW0xOCUyMTFtMTIlMjExbTMlMjExZDI1MjcuOTg1MTQ4OTI2NTc5JTIxMmQ0LjY5MjI1Mzc3NzUxODU2MiUyMTNkNTAuNjgzMTAwNjcwNTgzOTYlMjEybTMlMjExZjAlMjEyZjAlMjEzZjAlMjEzbTIlMjExaTEwMjQlMjEyaTc2OCUyMTRmMTMuMSUyMTNtMyUyMTFtMiUyMTFzMHg0N2MxN2I2NjJkYzc2OWFiJTI1M0EweGNkNzQ3ODg1ZDAyMDc1YjYlMjEyc0xhJTI1MjBDaGF1bWklMjVDMyUyNUE4cmUlMjE1ZTAlMjEzbTIlMjExc2ZyJTIxMnNmciUyMTR2MTcwOTc0OTUwMTY1MyUyMTVtMiUyMTFzZnIlMjEyc2ZyJTIyJTIwd2lkdGglM0QlMjI2MDAlMjIlMjBoZWlnaHQlM0QlMjI0NTAlMjIlMjBzdHlsZSUzRCUyMmJvcmRlciUzQTAlM0IlMjIlMjBhbGxvd2Z1bGxzY3JlZW4lM0QlMjIlMjIlMjBsb2FkaW5nJTNEJTIybGF6eSUyMiUyMHJlZmVycmVycG9saWN5JTNEJTIybm8tcmVmZXJyZXItd2hlbi1kb3duZ3JhZGUlMjIlM0UlM0MlMkZpZnJhbWUlM0U=[\/vc_raw_html][\/vc_column_inner][vc_column_inner width=\u00a0\u00bb1\/6&Prime;][\/vc_column_inner][\/vc_row_inner][insight_title separator_enable=\u00a0\u00bbyes\u00a0\u00bb title=\u00a0\u00bbContactez-nous!\u00a0\u00bb css=\u00a0\u00bb.vc_custom_1709750097672{margin-top: 8px !important;margin-bottom: 60px !important;}\u00a0\u00bb][\/vc_column][\/vc_row][vc_row css=\u00a0\u00bb.vc_custom_1470820858448{margin-bottom: 104px !important;}\u00a0\u00bb][vc_column][vc_column_text]<div class=\"wpforms-container wpforms-container-full wpforms-render-modern\" id=\"wpforms-2593\"><form id=\"wpforms-form-2593\" class=\"wpforms-validate wpforms-form wpforms-ajax-form\" data-formid=\"2593\" method=\"post\" enctype=\"multipart\/form-data\" action=\"\/chaumiere\/wp-json\/wp\/v2\/pages\/136\" data-token=\"9f0d39fd6bd623ab541d908145e29899\"><noscript class=\"wpforms-error-noscript\">Veuillez activer JavaScript dans votre navigateur pour remplir ce formulaire.<\/noscript><div class=\"wpforms-hidden\" id=\"wpforms-error-noscript\">Veuillez activer JavaScript dans votre navigateur pour remplir ce formulaire.<\/div><div class=\"wpforms-field-container\"><div id=\"wpforms-2593-field_1-container\" class=\"wpforms-field wpforms-field-name\" data-field-id=\"1\"><label class=\"wpforms-field-label\" for=\"wpforms-2593-field_1\">Nom <span class=\"wpforms-required-label\" aria-hidden=\"true\">*<\/span><\/label><input type=\"text\" id=\"wpforms-2593-field_1\" class=\"wpforms-field-medium wpforms-field-required\" name=\"wpforms[fields][1]\" aria-errormessage=\"wpforms-2593-field_1-error\" required><\/div><div id=\"wpforms-2593-field_2-container\" class=\"wpforms-field wpforms-field-email\" data-field-id=\"2\"><label class=\"wpforms-field-label\" for=\"wpforms-2593-field_2\">Email <span class=\"wpforms-required-label\" aria-hidden=\"true\">*<\/span><\/label><input type=\"email\" id=\"wpforms-2593-field_2\" class=\"wpforms-field-medium wpforms-field-required\" name=\"wpforms[fields][2]\" spellcheck=\"false\" aria-errormessage=\"wpforms-2593-field_2-error\" required><\/div><div id=\"wpforms-2593-field_4-container\" class=\"wpforms-field wpforms-field-textarea\" data-field-id=\"4\"><label class=\"wpforms-field-label\" for=\"wpforms-2593-field_4\">Votre message<\/label><textarea id=\"wpforms-2593-field_4\" class=\"wpforms-field-medium\" name=\"wpforms[fields][4]\" aria-errormessage=\"wpforms-2593-field_4-error\" ><\/textarea><\/div><div id=\"wpforms-2593-field_5-container\" class=\"wpforms-field wpforms-field-checkbox\" data-field-id=\"5\"><fieldset><legend class=\"wpforms-field-label\">Newsletter<\/legend><ul id=\"wpforms-2593-field_5\"><li class=\"choice-1 depth-1\"><input type=\"checkbox\" id=\"wpforms-2593-field_5_1\" name=\"wpforms[fields][5][]\" value=\"Je souhaite m&#039;inscrire \u00e0 la newsletter\" aria-errormessage=\"wpforms-2593-field_5_1-error\"  ><label class=\"wpforms-field-label-inline\" for=\"wpforms-2593-field_5_1\">Je souhaite m'inscrire \u00e0 la newsletter<\/label><\/li><\/ul><\/fieldset><\/div><\/div><!-- .wpforms-field-container --><div class=\"wpforms-submit-container\" ><input type=\"hidden\" name=\"wpforms[id]\" value=\"2593\"><input type=\"hidden\" name=\"wpforms[author]\" value=\"1\"><button type=\"submit\" name=\"wpforms[submit]\" id=\"wpforms-submit-2593\" class=\"wpforms-submit insight-btn\" data-alt-text=\"Envoi en cours...\" data-submit-text=\"Envoyer!\" aria-live=\"assertive\" value=\"wpforms-submit\">Envoyer!<\/button><img loading=\"lazy\" decoding=\"async\" src=\"https:\/\/concept-tree.com\/chaumiere\/wp-content\/plugins\/wpforms-lite\/assets\/images\/submit-spin.svg\" class=\"wpforms-submit-spinner\" style=\"display: none;\" width=\"26\" height=\"26\" alt=\"Chargement en cours\"><\/div><\/form><\/div>  <!-- .wpforms-container -->[\/vc_column_text][\/vc_column][\/vc_row]<\/p>\n<\/div>","protected":false},"excerpt":{"rendered":"<p>[vc_row css=\u00a0\u00bb.vc_custom_1472112390615{margin-top: 100px !important;}\u00a0\u00bb][vc_column][vc_column_text]Le projet se construit jour apr\u00e8s jour, avec l&rsquo;\u00e9nergie de nombreux chaumontois.es. Envie d&rsquo;y ajouter la v\u00f4tre ?Que ce soit pour des questions, des id\u00e9es, tenir le&#8230;<\/p>\n","protected":false},"author":1,"featured_media":0,"parent":0,"menu_order":0,"comment_status":"closed","ping_status":"closed","template":"","meta":{"_monsterinsights_skip_tracking":false,"_monsterinsights_sitenote_active":false,"_monsterinsights_sitenote_note":"","_monsterinsights_sitenote_category":0,"footnotes":""},"class_list":["post-136","page","type-page","status-publish","hentry"],"aioseo_notices":[],"_links":{"self":[{"href":"https:\/\/concept-tree.com\/chaumiere\/wp-json\/wp\/v2\/pages\/136","targetHints":{"allow":["GET"]}}],"collection":[{"href":"https:\/\/concept-tree.com\/chaumiere\/wp-json\/wp\/v2\/pages"}],"about":[{"href":"https:\/\/concept-tree.com\/chaumiere\/wp-json\/wp\/v2\/types\/page"}],"author":[{"embeddable":true,"href":"https:\/\/concept-tree.com\/chaumiere\/wp-json\/wp\/v2\/users\/1"}],"replies":[{"embeddable":true,"href":"https:\/\/concept-tree.com\/chaumiere\/wp-json\/wp\/v2\/comments?post=136"}],"version-history":[{"count":14,"href":"https:\/\/concept-tree.com\/chaumiere\/wp-json\/wp\/v2\/pages\/136\/revisions"}],"predecessor-version":[{"id":2633,"href":"https:\/\/concept-tree.com\/chaumiere\/wp-json\/wp\/v2\/pages\/136\/revisions\/2633"}],"wp:attachment":[{"href":"https:\/\/concept-tree.com\/chaumiere\/wp-json\/wp\/v2\/media?parent=136"}],"curies":[{"name":"wp","href":"https:\/\/api.w.org\/{rel}","templated":true}]}}