{"id":2414,"date":"2024-03-05T20:02:36","date_gmt":"2024-03-05T19:02:36","guid":{"rendered":"https:\/\/concept-tree.com\/chaumiere\/?page_id=2414"},"modified":"2024-03-12T14:35:54","modified_gmt":"2024-03-12T13:35:54","slug":"equipe","status":"publish","type":"page","link":"https:\/\/concept-tree.com\/chaumiere\/equipe\/","title":{"rendered":"L&rsquo;\u00e9quipe"},"content":{"rendered":"<div class=\"wpb-content-wrapper\"><p>[vc_row][vc_column][insight_title][insight_title sub_title_enable=\u00a0\u00bbyes\u00a0\u00bb separator_enable=\u00a0\u00bbyes\u00a0\u00bb title=\u00a0\u00bbOrganigramme de la Chaumi\u00e8re\u00a0\u00bb][\/vc_column][\/vc_row][vc_row][vc_column][vc_column_text]<\/p>\n<p class=\"font_9 wixui-rich-text__text\"><span class=\"wixui-rich-text__text\">La Chaumi\u00e8re est organis\u00e9e en petits groupe de travail autonomes qu&rsquo;on appelle EPI (\u00c9quipes de Potes Investis). Les EPI&rsquo;s ont un pouvoir d\u00e9cisionnel relatif aux comp\u00e9tences et missions qui leur sont attribu\u00e9es. Pour faire le lien entre ces EPI&rsquo;s, il y a le cercle-coeur (cf. ci-dessous).<\/span><\/p>\n<p class=\"font_9 wixui-rich-text__text\">A c\u00f4t\u00e9 de ces EPI&rsquo;s, il y a aussi une \u00e9quipe de b\u00e9n\u00e9voles pour tenir le bar, ainsi qu&rsquo;une \u00e9quipe d&rsquo;aide ponctuelle.<span class=\"wixui-rich-text__text\">Nous nous basons sur une culture du consentement, en essayant de recevoir l\u2019assentiment d\u2019un maximum de personnes, ou en \u00e9vitant au moins les objections de tous et toutes.<\/span><\/p>\n<p class=\"font_9 wixui-rich-text__text\"><span class=\"wixui-rich-text__text\">Vous souhaitez rejoindre un EPI ou vous investir autrement ?<\/span><\/p>\n<p>[\/vc_column_text][vc_row_inner el_class=\u00a0\u00bbcenteredText\u00a0\u00bb][vc_column_inner][insight_button style=\u00a0\u00bbdefault\u00a0\u00bb link=\u00a0\u00bburl:https%3A%2F%2Fconcept-tree.com%2Fchaumiere%2Fmon-compte%2F|title:S&rsquo;investir%20dans%20la%20Chaumi%C3%A8re\u00a0\u00bb][\/vc_column_inner][\/vc_row_inner][vc_single_image image=\u00a0\u00bb2417&Prime; img_size=\u00a0\u00bbfull\u00a0\u00bb alignment=\u00a0\u00bbcenter\u00a0\u00bb][\/vc_column][\/vc_row][vc_row css_animation=\u00a0\u00bbfadeInDown\u00a0\u00bb css=\u00a0\u00bb.vc_custom_1709666671218{background-color: #fdca2c !important;}\u00a0\u00bb][vc_column width=\u00a0\u00bb1\/3&Prime;][vc_single_image image=\u00a0\u00bb2420&Prime; img_size=\u00a0\u00bbfull\u00a0\u00bb][\/vc_column][vc_column width=\u00a0\u00bb2\/3&Prime;][vc_column_text]<span class=\"wixui-rich-text__text\" style=\"font-size: 24px;\"><strong>Cercle c\u0153ur<\/strong>\u00a0<\/span><span class=\"wixui-rich-text__text\">(Organe d&rsquo;administration de l&rsquo;ASBL<\/span><span class=\"wixui-rich-text__text\">)<\/span><\/p>\n<p class=\"font_9 wixui-rich-text__text\">Le cercle c\u0153ur a pour mission principale de coordonner le projet et de maintenir les valeurs au centre.<\/p>\n<p class=\"font_9 wixui-rich-text__text\">De gauche \u00e0 droite, nous voici, les cinq chaumontoises initiatrices du projet: Priscilla (avec le petit El\u00e9azar), Valentine, B\u00e9n\u00e9, Sybille et Laura.\u00a0 Certaines d&rsquo;entre nous se sont connues petites \u00e0 Chaumont et se sont retrouv\u00e9es, d\u2019autres sont arriv\u00e9es ces derni\u00e8res ann\u00e9es dans la commune. Sans toutes se connaitre au d\u00e9part, c&rsquo;est par bouche \u00e0 oreille que s&rsquo;est compos\u00e9e l&rsquo;\u00e9quipe autour du d\u00e9sir de tisser des liens. Nous ne sommes que l&rsquo;\u00e9quipe de d\u00e9part, bien d&rsquo;autres personnes se sont jointes et c&rsquo;est gr\u00e2ce \u00e0 toutes et tous que La Chaumi\u00e8re existe!<\/p>\n<p>[\/vc_column_text][\/vc_column][\/vc_row]<\/p>\n<\/div>","protected":false},"excerpt":{"rendered":"<p>[vc_row][vc_column][insight_title][insight_title sub_title_enable=\u00a0\u00bbyes\u00a0\u00bb separator_enable=\u00a0\u00bbyes\u00a0\u00bb title=\u00a0\u00bbOrganigramme de la Chaumi\u00e8re\u00a0\u00bb][\/vc_column][\/vc_row][vc_row][vc_column][vc_column_text] La Chaumi\u00e8re est organis\u00e9e en petits groupe de travail autonomes qu&rsquo;on appelle EPI (\u00c9quipes de Potes Investis). Les EPI&rsquo;s ont un pouvoir d\u00e9cisionnel&#8230;<\/p>\n","protected":false},"author":1,"featured_media":0,"parent":0,"menu_order":0,"comment_status":"closed","ping_status":"closed","template":"","meta":{"_monsterinsights_skip_tracking":false,"_monsterinsights_sitenote_active":false,"_monsterinsights_sitenote_note":"","_monsterinsights_sitenote_category":0,"footnotes":""},"class_list":["post-2414","page","type-page","status-publish","hentry"],"aioseo_notices":[],"_links":{"self":[{"href":"https:\/\/concept-tree.com\/chaumiere\/wp-json\/wp\/v2\/pages\/2414","targetHints":{"allow":["GET"]}}],"collection":[{"href":"https:\/\/concept-tree.com\/chaumiere\/wp-json\/wp\/v2\/pages"}],"about":[{"href":"https:\/\/concept-tree.com\/chaumiere\/wp-json\/wp\/v2\/types\/page"}],"author":[{"embeddable":true,"href":"https:\/\/concept-tree.com\/chaumiere\/wp-json\/wp\/v2\/users\/1"}],"replies":[{"embeddable":true,"href":"https:\/\/concept-tree.com\/chaumiere\/wp-json\/wp\/v2\/comments?post=2414"}],"version-history":[{"count":6,"href":"https:\/\/concept-tree.com\/chaumiere\/wp-json\/wp\/v2\/pages\/2414\/revisions"}],"predecessor-version":[{"id":2537,"href":"https:\/\/concept-tree.com\/chaumiere\/wp-json\/wp\/v2\/pages\/2414\/revisions\/2537"}],"wp:attachment":[{"href":"https:\/\/concept-tree.com\/chaumiere\/wp-json\/wp\/v2\/media?parent=2414"}],"curies":[{"name":"wp","href":"https:\/\/api.w.org\/{rel}","templated":true}]}}