{"id":2424,"date":"2024-03-05T20:39:52","date_gmt":"2024-03-05T19:39:52","guid":{"rendered":"https:\/\/concept-tree.com\/chaumiere\/?page_id=2424"},"modified":"2024-03-12T18:07:02","modified_gmt":"2024-03-12T17:07:02","slug":"infos-pratiques","status":"publish","type":"page","link":"https:\/\/concept-tree.com\/chaumiere\/infos-pratiques\/","title":{"rendered":"Infos pratiques"},"content":{"rendered":"<div class=\"wpb-content-wrapper\"><p>[vc_row full_width=\u00a0\u00bbstretch_row_content\u00a0\u00bb css=\u00a0\u00bb.vc_custom_1709819861147{background-image: url(https:\/\/concept-tree.com\/chaumiere\/wp-content\/uploads\/2024\/03\/champs.webp?id=2442) !important;}\u00a0\u00bb][vc_column width=\u00a0\u00bb1\/4&Prime;][\/vc_column][vc_column width=\u00a0\u00bb1\/2&Prime; css=\u00a0\u00bb.vc_custom_1709820393773{margin-bottom: 40px !important;}\u00a0\u00bb][vc_row_inner][vc_column_inner][\/vc_column_inner][\/vc_row_inner][vc_row_inner css=\u00a0\u00bb.vc_custom_1709820316969{background-color: #ffffff !important;}\u00a0\u00bb][vc_column_inner][vc_column_text css=\u00a0\u00bb.vc_custom_1710240841093{padding-top: 20px !important;padding-right: 20px !important;padding-bottom: 20px !important;padding-left: 20px !important;background-color: #ffffff !important;}\u00a0\u00bb]<\/p>\r\n<p>Le caf\u00e9 participatif de La Chaumi\u00e8re est ouvert:<\/p>\r\n<ul>\r\n<li><strong>Mercredi 10:00 &#8211; 17:00<\/strong><\/li>\r\n<li><strong>Jeudi 17:00 &#8211; 21:00<\/strong><\/li>\r\n<li><strong>Vendredi 17:00 &#8211; 22:00&#8230;<\/strong><\/li>\r\n<\/ul>\r\n<p>\r\n\r\n\u2026pour rencontrer tes voisin.e.s, prendre un verre, discuter, jouer, entendre parler des nombreuses initiatives de nos huit villages, participer \u00e0 la gestion du lieu ou faire \u00e9merger de nouvelles id\u00e9es !<\/p>\r\n<p>\r\n\r\nEn dehors de ces permanences, La Chaumi\u00e8re met ses locaux \u00e0 disposition pour diverses activit\u00e9s propos\u00e9es par les citoyens, les artisans, les artistes et les initiatives locales. Bienvenues aux partages de passions, de savoir-faire, ou \u00e0 d\u2019autres projets communs.<\/p>\r\n<p>\r\n\r\nPour participer \u00e0 ces activit\u00e9s, jetez un \u0153il \u00e0 l&rsquo;agenda !<\/p>\r\n\r\n<p>[\/vc_column_text][\/vc_column_inner][\/vc_row_inner][vc_row_inner el_class=\u00a0\u00bbcenteredText\u00a0\u00bb css=\u00a0\u00bb.vc_custom_1709820351313{padding-bottom: 20px !important;background-color: #ffffff !important;}\u00a0\u00bb][vc_column_inner][insight_button style=\u00a0\u00bbdefault\u00a0\u00bb link=\u00a0\u00bburl:https%3A%2F%2Fconcept-tree.com%2Fchaumiere%2Fagenda%2F|title:L%E2%80%99agenda%20de%20la%20Chaumi%C3%A8re\u00a0\u00bb css=\u00a0\u00bb.vc_custom_1710263218197{background-color: #dd9933 !important;}\u00a0\u00bb][\/vc_column_inner][\/vc_row_inner][\/vc_column][vc_column width=\u00a0\u00bb1\/4&Prime;][\/vc_column][\/vc_row]<\/p><\/div>","protected":false},"excerpt":{"rendered":"<p>[vc_row full_width=\u00a0\u00bbstretch_row_content\u00a0\u00bb css=\u00a0\u00bb.vc_custom_1709819861147{background-image: url(https:\/\/concept-tree.com\/chaumiere\/wp-content\/uploads\/2024\/03\/champs.webp?id=2442) !important;}\u00a0\u00bb][vc_column width=\u00a0\u00bb1\/4&Prime;][\/vc_column][vc_column width=\u00a0\u00bb1\/2&Prime; css=\u00a0\u00bb.vc_custom_1709820393773{margin-bottom: 40px !important;}\u00a0\u00bb][vc_row_inner][vc_column_inner][\/vc_column_inner][\/vc_row_inner][vc_row_inner css=\u00a0\u00bb.vc_custom_1709820316969{background-color: #ffffff !important;}\u00a0\u00bb][vc_column_inner][vc_column_text css=\u00a0\u00bb.vc_custom_1710240841093{padding-top: 20px !important;padding-right: 20px !important;padding-bottom: 20px !important;padding-left: 20px !important;background-color: #ffffff !important;}\u00a0\u00bb] Le caf\u00e9 participatif de La Chaumi\u00e8re&#8230;<\/p>\n","protected":false},"author":1,"featured_media":0,"parent":0,"menu_order":0,"comment_status":"closed","ping_status":"closed","template":"","meta":{"_monsterinsights_skip_tracking":false,"_monsterinsights_sitenote_active":false,"_monsterinsights_sitenote_note":"","_monsterinsights_sitenote_category":0,"footnotes":""},"class_list":["post-2424","page","type-page","status-publish","hentry"],"aioseo_notices":[],"_links":{"self":[{"href":"https:\/\/concept-tree.com\/chaumiere\/wp-json\/wp\/v2\/pages\/2424","targetHints":{"allow":["GET"]}}],"collection":[{"href":"https:\/\/concept-tree.com\/chaumiere\/wp-json\/wp\/v2\/pages"}],"about":[{"href":"https:\/\/concept-tree.com\/chaumiere\/wp-json\/wp\/v2\/types\/page"}],"author":[{"embeddable":true,"href":"https:\/\/concept-tree.com\/chaumiere\/wp-json\/wp\/v2\/users\/1"}],"replies":[{"embeddable":true,"href":"https:\/\/concept-tree.com\/chaumiere\/wp-json\/wp\/v2\/comments?post=2424"}],"version-history":[{"count":29,"href":"https:\/\/concept-tree.com\/chaumiere\/wp-json\/wp\/v2\/pages\/2424\/revisions"}],"predecessor-version":[{"id":2591,"href":"https:\/\/concept-tree.com\/chaumiere\/wp-json\/wp\/v2\/pages\/2424\/revisions\/2591"}],"wp:attachment":[{"href":"https:\/\/concept-tree.com\/chaumiere\/wp-json\/wp\/v2\/media?parent=2424"}],"curies":[{"name":"wp","href":"https:\/\/api.w.org\/{rel}","templated":true}]}}