{"id":138,"date":"2026-02-21T10:43:48","date_gmt":"2026-02-21T09:43:48","guid":{"rendered":"https:\/\/concept-tree.com\/concept\/?page_id=138"},"modified":"2026-02-21T10:47:39","modified_gmt":"2026-02-21T09:47:39","slug":"elementor-138","status":"publish","type":"page","link":"https:\/\/concept-tree.com\/concept\/","title":{"rendered":"Accueil CT"},"content":{"rendered":"\t\t<div data-elementor-type=\"wp-page\" data-elementor-id=\"138\" class=\"elementor elementor-138\">\n\t\t\t\t<div class=\"elementor-element elementor-element-5fc4810 e-flex e-con-boxed e-con e-parent\" data-id=\"5fc4810\" data-element_type=\"container\">\n\t\t\t\t\t<div class=\"e-con-inner\">\n\t\t\t\t<div class=\"elementor-element elementor-element-659da11 elementor-widget elementor-widget-heading\" data-id=\"659da11\" data-element_type=\"widget\" data-widget_type=\"heading.default\">\n\t\t\t\t\t<h2 class=\"elementor-heading-title elementor-size-default\"><h2>Concept Tree :<br>Un arbre, plusieurs concepts<span style=\"font-family: Poppins, sans-serif;font-size: 24px;font-weight: 600\"><\/span><\/h2><\/h2>\t\t\t\t<\/div>\n\t\t\t\t\t<\/div>\n\t\t\t\t<\/div>\n\t\t<div class=\"elementor-element elementor-element-2394c30 e-flex e-con-boxed e-con e-parent\" data-id=\"2394c30\" data-element_type=\"container\">\n\t\t\t\t\t<div class=\"e-con-inner\">\n\t\t\t\t<div class=\"elementor-element elementor-element-4a8ca4a elementor-widget elementor-widget-text-editor\" data-id=\"4a8ca4a\" data-element_type=\"widget\" data-widget_type=\"text-editor.default\">\n\t\t\t\t\t\t\t\t\t<p data-start=\"91\" data-end=\"144\"><strong data-start=\"91\" data-end=\"144\">La technologie au service des causes qui comptent<\/strong><\/p><p data-start=\"146\" data-end=\"413\">Concept Tree est une soci\u00e9t\u00e9 de services informatiques d\u00e9di\u00e9e aux associations engag\u00e9es dans des causes sociales et environnementales. Notre mission est d\u2019aider les organisations \u00e0 amplifier leur impact gr\u00e2ce \u00e0 des outils num\u00e9riques simples, efficaces et accessibles.<\/p><p data-start=\"415\" data-end=\"785\">Nous accompagnons les associations dans la cr\u00e9ation et l\u2019\u00e9volution de leurs solutions digitales : sites web, plateformes collaboratives, gestion des donateurs, automatisation des processus, s\u00e9curit\u00e9 informatique et d\u00e9veloppements sur mesure. Chaque projet est pens\u00e9 pour r\u00e9pondre aux r\u00e9alit\u00e9s du terrain, avec une approche pragmatique et adapt\u00e9e aux budgets associatifs.<\/p><p>\u00a0<\/p><p data-start=\"787\" data-end=\"1113\">\u00a0<\/p>\t\t\t\t\t\t\t\t<\/div>\n\t\t\t\t\t<\/div>\n\t\t\t\t<\/div>\n\t\t<div class=\"elementor-element elementor-element-d0daf5d e-grid e-con-boxed e-con e-parent\" data-id=\"d0daf5d\" data-element_type=\"container\">\n\t\t\t\t\t<div class=\"e-con-inner\">\n\t\t\t\t<div class=\"elementor-element elementor-element-b3ec999 elementor-widget elementor-widget-text-editor\" data-id=\"b3ec999\" data-element_type=\"widget\" data-widget_type=\"text-editor.default\">\n\t\t\t\t\t\t\t\t\t<h3 data-start=\"57\" data-end=\"91\"><strong data-start=\"61\" data-end=\"91\">\u00a0 \ud83c\udf10Mise en place de sites web<\/strong><\/h3><p>\u00a0<\/p><p data-start=\"92\" data-end=\"575\">Nous concevons des sites web modernes, accessibles et faciles \u00e0 administrer, pens\u00e9s pour valoriser la mission et les actions des associations. Qu\u2019il s\u2019agisse d\u2019un site vitrine, d\u2019une plateforme \u00e9v\u00e9nementielle ou d\u2019un espace de dons en ligne, nous privil\u00e9gions des solutions durables et simples \u00e0 g\u00e9rer au quotidien. L\u2019objectif est de renforcer la visibilit\u00e9, faciliter l\u2019engagement des b\u00e9n\u00e9voles et donateurs, et offrir une exp\u00e9rience claire aux visiteurs, sans complexit\u00e9 technique.<\/p>\t\t\t\t\t\t\t\t<\/div>\n\t\t\t\t<div class=\"elementor-element elementor-element-10a7636 elementor-widget elementor-widget-text-editor\" data-id=\"10a7636\" data-element_type=\"widget\" data-widget_type=\"text-editor.default\">\n\t\t\t\t\t\t\t\t\t<h3 data-start=\"582\" data-end=\"623\"><strong data-start=\"586\" data-end=\"623\">\ud83d\udccaMise en place d\u2019outils de gestion<\/strong><\/h3><p>\u00a0<\/p><p data-start=\"624\" data-end=\"1066\">Nous accompagnons les associations dans la mise en place d\u2019outils de gestion adapt\u00e9s \u00e0 leurs besoins : CRM pour le suivi des membres et donateurs, solutions de facturation, gestion de stock pour les projets solidaires ou les \u00e9v\u00e9nements, et tableaux de pilotage. Notre approche consiste \u00e0 choisir ou concevoir des solutions simples, interconnect\u00e9es et \u00e9volutives, afin de r\u00e9duire la charge administrative et am\u00e9liorer la fiabilit\u00e9 des donn\u00e9es.<\/p>\t\t\t\t\t\t\t\t<\/div>\n\t\t\t\t<div class=\"elementor-element elementor-element-eb639d2 elementor-widget elementor-widget-text-editor\" data-id=\"eb639d2\" data-element_type=\"widget\" data-widget_type=\"text-editor.default\">\n\t\t\t\t\t\t\t\t\t<h3 data-start=\"1073\" data-end=\"1121\">\u2699\ufe0f<strong data-start=\"1077\" data-end=\"1121\">Optimisation des processus op\u00e9rationnels<\/strong><\/h3><p data-start=\"1122\" data-end=\"1564\">De nombreuses associations perdent du temps sur des t\u00e2ches r\u00e9p\u00e9titives ou des processus peu structur\u00e9s. Nous analysons les flux existants et proposons des am\u00e9liorations concr\u00e8tes : automatisation, simplification des parcours, int\u00e9gration entre outils et mise en place d\u2019indicateurs de suivi. Cette optimisation permet de gagner en efficacit\u00e9, de limiter les erreurs et de lib\u00e9rer du temps pour les activit\u00e9s \u00e0 forte valeur humaine et sociale.<\/p><p>Lorem ipsum dolor sit amet, consectetur adipiscing elit. Ut elit tellus, luctus nec ullamcorper mattis, pulvinar dapibus leo.<\/p>\t\t\t\t\t\t\t\t<\/div>\n\t\t\t\t<div class=\"elementor-element elementor-element-ecabb22 elementor-widget elementor-widget-text-editor\" data-id=\"ecabb22\" data-element_type=\"widget\" data-widget_type=\"text-editor.default\">\n\t\t\t\t\t\t\t\t\t<h3 data-start=\"1571\" data-end=\"1610\">\ud83d\udcf1<strong data-start=\"1575\" data-end=\"1610\">Cr\u00e9ation d\u2019applications mobiles<\/strong><\/h3><p data-start=\"1611\" data-end=\"2086\">Nous d\u00e9veloppons des applications mobiles sur mesure permettant de renforcer l\u2019engagement des communaut\u00e9s associatives. Qu\u2019il s\u2019agisse de faciliter la communication avec les b\u00e9n\u00e9voles, g\u00e9rer des \u00e9v\u00e9nements, collecter des donn\u00e9es terrain ou proposer des services aux b\u00e9n\u00e9ficiaires, les applications sont con\u00e7ues pour \u00eatre intuitives, accessibles et adapt\u00e9es aux usages r\u00e9els. Elles deviennent un levier puissant pour cr\u00e9er du lien, mobiliser et amplifier l\u2019impact des actions.<\/p>\t\t\t\t\t\t\t\t<\/div>\n\t\t\t\t\t<\/div>\n\t\t\t\t<\/div>\n\t\t\t\t<\/div>\n\t\t","protected":false},"excerpt":{"rendered":"<p>Concept Tree :Un arbre, plusieurs concepts La technologie au service des causes qui comptent Concept Tree est une soci\u00e9t\u00e9 de services informatiques d\u00e9di\u00e9e aux associations engag\u00e9es dans des causes sociales et environnementales. Notre mission est d\u2019aider les organisations \u00e0 amplifier leur impact gr\u00e2ce \u00e0 des outils num\u00e9riques simples, efficaces et accessibles. Nous accompagnons les associations [&hellip;]<\/p>\n","protected":false},"author":1,"featured_media":0,"parent":0,"menu_order":0,"comment_status":"closed","ping_status":"closed","template":"","meta":{"footnotes":""},"class_list":["post-138","page","type-page","status-publish","hentry"],"_links":{"self":[{"href":"https:\/\/concept-tree.com\/concept\/wp-json\/wp\/v2\/pages\/138","targetHints":{"allow":["GET"]}}],"collection":[{"href":"https:\/\/concept-tree.com\/concept\/wp-json\/wp\/v2\/pages"}],"about":[{"href":"https:\/\/concept-tree.com\/concept\/wp-json\/wp\/v2\/types\/page"}],"author":[{"embeddable":true,"href":"https:\/\/concept-tree.com\/concept\/wp-json\/wp\/v2\/users\/1"}],"replies":[{"embeddable":true,"href":"https:\/\/concept-tree.com\/concept\/wp-json\/wp\/v2\/comments?post=138"}],"version-history":[{"count":10,"href":"https:\/\/concept-tree.com\/concept\/wp-json\/wp\/v2\/pages\/138\/revisions"}],"predecessor-version":[{"id":148,"href":"https:\/\/concept-tree.com\/concept\/wp-json\/wp\/v2\/pages\/138\/revisions\/148"}],"wp:attachment":[{"href":"https:\/\/concept-tree.com\/concept\/wp-json\/wp\/v2\/media?parent=138"}],"curies":[{"name":"wp","href":"https:\/\/api.w.org\/{rel}","templated":true}]}}