{"id":73,"date":"2025-07-22T21:42:34","date_gmt":"2025-07-22T19:42:34","guid":{"rendered":"https:\/\/concept-tree.com\/concept\/?page_id=73"},"modified":"2025-07-23T13:52:54","modified_gmt":"2025-07-23T11:52:54","slug":"elementor-page-73","status":"publish","type":"page","link":"https:\/\/concept-tree.com\/concept\/elementor-page-73\/","title":{"rendered":"Nos R\u00e9alisations et moodboards"},"content":{"rendered":"\t\t<div data-elementor-type=\"wp-page\" data-elementor-id=\"73\" class=\"elementor elementor-73\">\n\t\t\t\t<div class=\"elementor-element elementor-element-a9b5243 e-flex e-con-boxed e-con e-parent\" data-id=\"a9b5243\" data-element_type=\"container\">\n\t\t\t\t\t<div class=\"e-con-inner\">\n\t\t\t\t<div class=\"elementor-element elementor-element-503d534 elementor-widget elementor-widget-heading\" data-id=\"503d534\" data-element_type=\"widget\" data-widget_type=\"heading.default\">\n\t\t\t\t\t<h2 class=\"elementor-heading-title elementor-size-default\">Voici quelques unes de nos r\u00e9alisations, n'h\u00e9sitez pas \u00e0 nous contacter acc\u00e9der \u00e0 notre portfolio.<\/h2>\t\t\t\t<\/div>\n\t\t\t\t<div class=\"elementor-element elementor-element-90295d3 elementor-widget elementor-widget-image\" data-id=\"90295d3\" data-element_type=\"widget\" data-widget_type=\"image.default\">\n\t\t\t\t\t\t\t\t\t\t\t\t\t\t\t<img fetchpriority=\"high\" decoding=\"async\" width=\"800\" height=\"450\" src=\"https:\/\/concept-tree.com\/concept\/wp-content\/uploads\/2025\/07\/20250118_130545-1024x576.jpg\" class=\"attachment-large size-large wp-image-79\" alt=\"\" srcset=\"https:\/\/concept-tree.com\/concept\/wp-content\/uploads\/2025\/07\/20250118_130545-1024x576.jpg 1024w, https:\/\/concept-tree.com\/concept\/wp-content\/uploads\/2025\/07\/20250118_130545-300x169.jpg 300w, https:\/\/concept-tree.com\/concept\/wp-content\/uploads\/2025\/07\/20250118_130545-768x432.jpg 768w, https:\/\/concept-tree.com\/concept\/wp-content\/uploads\/2025\/07\/20250118_130545-1536x864.jpg 1536w, https:\/\/concept-tree.com\/concept\/wp-content\/uploads\/2025\/07\/20250118_130545-2048x1152.jpg 2048w\" sizes=\"(max-width: 800px) 100vw, 800px\" \/>\t\t\t\t\t\t\t\t\t\t\t\t\t\t\t<\/div>\n\t\t\t\t<div class=\"elementor-element elementor-element-60a0ff9 elementor-widget elementor-widget-image\" data-id=\"60a0ff9\" data-element_type=\"widget\" data-widget_type=\"image.default\">\n\t\t\t\t\t\t\t\t\t\t\t\t\t\t\t<img decoding=\"async\" width=\"800\" height=\"600\" src=\"https:\/\/concept-tree.com\/concept\/wp-content\/uploads\/2025\/07\/IMG-20240227-WA0007-1024x768.jpg\" class=\"attachment-large size-large wp-image-76\" alt=\"\" srcset=\"https:\/\/concept-tree.com\/concept\/wp-content\/uploads\/2025\/07\/IMG-20240227-WA0007-1024x768.jpg 1024w, https:\/\/concept-tree.com\/concept\/wp-content\/uploads\/2025\/07\/IMG-20240227-WA0007-300x225.jpg 300w, https:\/\/concept-tree.com\/concept\/wp-content\/uploads\/2025\/07\/IMG-20240227-WA0007-768x576.jpg 768w, https:\/\/concept-tree.com\/concept\/wp-content\/uploads\/2025\/07\/IMG-20240227-WA0007-1536x1152.jpg 1536w, https:\/\/concept-tree.com\/concept\/wp-content\/uploads\/2025\/07\/IMG-20240227-WA0007.jpg 2048w\" sizes=\"(max-width: 800px) 100vw, 800px\" \/>\t\t\t\t\t\t\t\t\t\t\t\t\t\t\t<\/div>\n\t\t\t\t<div class=\"elementor-element elementor-element-808339e elementor-widget elementor-widget-image\" data-id=\"808339e\" data-element_type=\"widget\" data-widget_type=\"image.default\">\n\t\t\t\t\t\t\t\t\t\t\t\t\t\t\t<img decoding=\"async\" width=\"800\" height=\"714\" src=\"https:\/\/concept-tree.com\/concept\/wp-content\/uploads\/2025\/07\/IMG-20231119-WA0007.jpg\" class=\"attachment-large size-large wp-image-75\" alt=\"\" srcset=\"https:\/\/concept-tree.com\/concept\/wp-content\/uploads\/2025\/07\/IMG-20231119-WA0007.jpg 1005w, https:\/\/concept-tree.com\/concept\/wp-content\/uploads\/2025\/07\/IMG-20231119-WA0007-300x268.jpg 300w, https:\/\/concept-tree.com\/concept\/wp-content\/uploads\/2025\/07\/IMG-20231119-WA0007-768x685.jpg 768w\" sizes=\"(max-width: 800px) 100vw, 800px\" \/>\t\t\t\t\t\t\t\t\t\t\t\t\t\t\t<\/div>\n\t\t\t\t\t<\/div>\n\t\t\t\t<\/div>\n\t\t<div class=\"elementor-element elementor-element-4bdd9d6 e-flex e-con-boxed e-con e-parent\" data-id=\"4bdd9d6\" data-element_type=\"container\">\n\t\t\t\t\t<div class=\"e-con-inner\">\n\t\t\t\t\t<\/div>\n\t\t\t\t<\/div>\n\t\t<div class=\"elementor-element elementor-element-82de550 e-flex e-con-boxed e-con e-parent\" data-id=\"82de550\" data-element_type=\"container\">\n\t\t\t\t\t<div class=\"e-con-inner\">\n\t\t\t\t<div class=\"elementor-element elementor-element-0556ff5 elementor-widget elementor-widget-image\" data-id=\"0556ff5\" data-element_type=\"widget\" data-widget_type=\"image.default\">\n\t\t\t\t\t\t\t\t\t\t\t\t\t\t\t<img loading=\"lazy\" decoding=\"async\" width=\"768\" height=\"1024\" src=\"https:\/\/concept-tree.com\/concept\/wp-content\/uploads\/2025\/07\/IMG-20250723-WA0020-768x1024.jpg\" class=\"attachment-large size-large wp-image-118\" alt=\"\" srcset=\"https:\/\/concept-tree.com\/concept\/wp-content\/uploads\/2025\/07\/IMG-20250723-WA0020-768x1024.jpg 768w, https:\/\/concept-tree.com\/concept\/wp-content\/uploads\/2025\/07\/IMG-20250723-WA0020-225x300.jpg 225w, https:\/\/concept-tree.com\/concept\/wp-content\/uploads\/2025\/07\/IMG-20250723-WA0020-1152x1536.jpg 1152w, https:\/\/concept-tree.com\/concept\/wp-content\/uploads\/2025\/07\/IMG-20250723-WA0020.jpg 1200w\" sizes=\"(max-width: 768px) 100vw, 768px\" \/>\t\t\t\t\t\t\t\t\t\t\t\t\t\t\t<\/div>\n\t\t\t\t<div class=\"elementor-element elementor-element-d12281d elementor-widget elementor-widget-image\" data-id=\"d12281d\" data-element_type=\"widget\" data-widget_type=\"image.default\">\n\t\t\t\t\t\t\t\t\t\t\t\t\t\t\t<img loading=\"lazy\" decoding=\"async\" width=\"768\" height=\"1024\" src=\"https:\/\/concept-tree.com\/concept\/wp-content\/uploads\/2025\/07\/IMG-20250723-WA0014-768x1024.jpg\" class=\"attachment-large size-large wp-image-116\" alt=\"\" srcset=\"https:\/\/concept-tree.com\/concept\/wp-content\/uploads\/2025\/07\/IMG-20250723-WA0014-768x1024.jpg 768w, https:\/\/concept-tree.com\/concept\/wp-content\/uploads\/2025\/07\/IMG-20250723-WA0014-225x300.jpg 225w, https:\/\/concept-tree.com\/concept\/wp-content\/uploads\/2025\/07\/IMG-20250723-WA0014-1152x1536.jpg 1152w, https:\/\/concept-tree.com\/concept\/wp-content\/uploads\/2025\/07\/IMG-20250723-WA0014.jpg 1536w\" sizes=\"(max-width: 768px) 100vw, 768px\" \/>\t\t\t\t\t\t\t\t\t\t\t\t\t\t\t<\/div>\n\t\t\t\t<div class=\"elementor-element elementor-element-f108990 elementor-widget elementor-widget-image\" data-id=\"f108990\" data-element_type=\"widget\" data-widget_type=\"image.default\">\n\t\t\t\t\t\t\t\t\t\t\t\t\t\t\t<img loading=\"lazy\" decoding=\"async\" width=\"800\" height=\"600\" src=\"https:\/\/concept-tree.com\/concept\/wp-content\/uploads\/2025\/07\/IMG-20250723-WA0010-1024x768.jpg\" class=\"attachment-large size-large wp-image-113\" alt=\"\" srcset=\"https:\/\/concept-tree.com\/concept\/wp-content\/uploads\/2025\/07\/IMG-20250723-WA0010-1024x768.jpg 1024w, https:\/\/concept-tree.com\/concept\/wp-content\/uploads\/2025\/07\/IMG-20250723-WA0010-300x225.jpg 300w, https:\/\/concept-tree.com\/concept\/wp-content\/uploads\/2025\/07\/IMG-20250723-WA0010-768x576.jpg 768w, https:\/\/concept-tree.com\/concept\/wp-content\/uploads\/2025\/07\/IMG-20250723-WA0010-1536x1152.jpg 1536w, https:\/\/concept-tree.com\/concept\/wp-content\/uploads\/2025\/07\/IMG-20250723-WA0010.jpg 2048w\" sizes=\"(max-width: 800px) 100vw, 800px\" \/>\t\t\t\t\t\t\t\t\t\t\t\t\t\t\t<\/div>\n\t\t\t\t\t<\/div>\n\t\t\t\t<\/div>\n\t\t<div class=\"elementor-element elementor-element-9182691 e-flex e-con-boxed e-con e-parent\" data-id=\"9182691\" data-element_type=\"container\">\n\t\t\t\t\t<div class=\"e-con-inner\">\n\t\t\t\t<div class=\"elementor-element elementor-element-9e42cf0 elementor-widget elementor-widget-image\" data-id=\"9e42cf0\" data-element_type=\"widget\" data-widget_type=\"image.default\">\n\t\t\t\t\t\t\t\t\t\t\t\t\t\t\t<img loading=\"lazy\" decoding=\"async\" width=\"800\" height=\"450\" src=\"https:\/\/concept-tree.com\/concept\/wp-content\/uploads\/2025\/07\/IMG-20250723-WA0004-1024x576.jpg\" class=\"attachment-large size-large wp-image-111\" alt=\"\" srcset=\"https:\/\/concept-tree.com\/concept\/wp-content\/uploads\/2025\/07\/IMG-20250723-WA0004-1024x576.jpg 1024w, https:\/\/concept-tree.com\/concept\/wp-content\/uploads\/2025\/07\/IMG-20250723-WA0004-300x169.jpg 300w, https:\/\/concept-tree.com\/concept\/wp-content\/uploads\/2025\/07\/IMG-20250723-WA0004-768x432.jpg 768w, https:\/\/concept-tree.com\/concept\/wp-content\/uploads\/2025\/07\/IMG-20250723-WA0004-1536x864.jpg 1536w, https:\/\/concept-tree.com\/concept\/wp-content\/uploads\/2025\/07\/IMG-20250723-WA0004.jpg 1920w\" sizes=\"(max-width: 800px) 100vw, 800px\" \/>\t\t\t\t\t\t\t\t\t\t\t\t\t\t\t<\/div>\n\t\t\t\t\t<\/div>\n\t\t\t\t<\/div>\n\t\t<div class=\"elementor-element elementor-element-b46da85 e-flex e-con-boxed e-con e-parent\" data-id=\"b46da85\" data-element_type=\"container\">\n\t\t\t\t\t<div class=\"e-con-inner\">\n\t\t\t\t<div class=\"elementor-element elementor-element-ad93710 elementor-widget elementor-widget-image\" data-id=\"ad93710\" data-element_type=\"widget\" data-widget_type=\"image.default\">\n\t\t\t\t\t\t\t\t\t\t\t\t\t\t\t<img loading=\"lazy\" decoding=\"async\" width=\"768\" height=\"1024\" src=\"https:\/\/concept-tree.com\/concept\/wp-content\/uploads\/2025\/07\/IMG-20250723-WA0007-768x1024.jpg\" class=\"attachment-large size-large wp-image-112\" alt=\"\" srcset=\"https:\/\/concept-tree.com\/concept\/wp-content\/uploads\/2025\/07\/IMG-20250723-WA0007-768x1024.jpg 768w, https:\/\/concept-tree.com\/concept\/wp-content\/uploads\/2025\/07\/IMG-20250723-WA0007-225x300.jpg 225w, https:\/\/concept-tree.com\/concept\/wp-content\/uploads\/2025\/07\/IMG-20250723-WA0007-1152x1536.jpg 1152w, https:\/\/concept-tree.com\/concept\/wp-content\/uploads\/2025\/07\/IMG-20250723-WA0007.jpg 1536w\" sizes=\"(max-width: 768px) 100vw, 768px\" \/>\t\t\t\t\t\t\t\t\t\t\t\t\t\t\t<\/div>\n\t\t\t\t<div class=\"elementor-element elementor-element-6fea503 elementor-widget elementor-widget-image\" data-id=\"6fea503\" data-element_type=\"widget\" data-widget_type=\"image.default\">\n\t\t\t\t\t\t\t\t\t\t\t\t\t\t\t<img loading=\"lazy\" decoding=\"async\" width=\"800\" height=\"450\" src=\"https:\/\/concept-tree.com\/concept\/wp-content\/uploads\/2025\/07\/IMG-20240314-WA0011-1024x576.jpg\" class=\"attachment-large size-large wp-image-77\" alt=\"\" srcset=\"https:\/\/concept-tree.com\/concept\/wp-content\/uploads\/2025\/07\/IMG-20240314-WA0011-1024x576.jpg 1024w, https:\/\/concept-tree.com\/concept\/wp-content\/uploads\/2025\/07\/IMG-20240314-WA0011-300x169.jpg 300w, https:\/\/concept-tree.com\/concept\/wp-content\/uploads\/2025\/07\/IMG-20240314-WA0011-768x432.jpg 768w, https:\/\/concept-tree.com\/concept\/wp-content\/uploads\/2025\/07\/IMG-20240314-WA0011-1536x864.jpg 1536w, https:\/\/concept-tree.com\/concept\/wp-content\/uploads\/2025\/07\/IMG-20240314-WA0011.jpg 1599w\" sizes=\"(max-width: 800px) 100vw, 800px\" \/>\t\t\t\t\t\t\t\t\t\t\t\t\t\t\t<\/div>\n\t\t\t\t\t<\/div>\n\t\t\t\t<\/div>\n\t\t<div class=\"elementor-element elementor-element-077b13c e-flex e-con-boxed e-con e-parent\" data-id=\"077b13c\" data-element_type=\"container\">\n\t\t\t\t\t<div class=\"e-con-inner\">\n\t\t\t\t<div class=\"elementor-element elementor-element-0541a47 elementor-widget elementor-widget-heading\" data-id=\"0541a47\" data-element_type=\"widget\" data-widget_type=\"heading.default\">\n\t\t\t\t\t<h2 class=\"elementor-heading-title elementor-size-default\"><br><br><br>Exemples de moodboards<\/h2>\t\t\t\t<\/div>\n\t\t\t\t<div class=\"elementor-element elementor-element-58191dd elementor-widget elementor-widget-image\" data-id=\"58191dd\" data-element_type=\"widget\" data-widget_type=\"image.default\">\n\t\t\t\t\t\t\t\t\t\t\t\t\t\t\t<img loading=\"lazy\" decoding=\"async\" width=\"800\" height=\"430\" src=\"https:\/\/concept-tree.com\/concept\/wp-content\/uploads\/2025\/07\/moodboard2-1024x550.png\" class=\"attachment-large size-large wp-image-81\" alt=\"\" srcset=\"https:\/\/concept-tree.com\/concept\/wp-content\/uploads\/2025\/07\/moodboard2-1024x550.png 1024w, https:\/\/concept-tree.com\/concept\/wp-content\/uploads\/2025\/07\/moodboard2-300x161.png 300w, https:\/\/concept-tree.com\/concept\/wp-content\/uploads\/2025\/07\/moodboard2-768x412.png 768w, https:\/\/concept-tree.com\/concept\/wp-content\/uploads\/2025\/07\/moodboard2-1536x824.png 1536w, https:\/\/concept-tree.com\/concept\/wp-content\/uploads\/2025\/07\/moodboard2.png 1591w\" sizes=\"(max-width: 800px) 100vw, 800px\" \/>\t\t\t\t\t\t\t\t\t\t\t\t\t\t\t<\/div>\n\t\t\t\t<div class=\"elementor-element elementor-element-5c01871 elementor-widget elementor-widget-image\" data-id=\"5c01871\" data-element_type=\"widget\" data-widget_type=\"image.default\">\n\t\t\t\t\t\t\t\t\t\t\t\t\t\t\t<img loading=\"lazy\" decoding=\"async\" width=\"800\" height=\"446\" src=\"https:\/\/concept-tree.com\/concept\/wp-content\/uploads\/2025\/07\/moodboard-1024x571.png\" class=\"attachment-large size-large wp-image-82\" alt=\"\" srcset=\"https:\/\/concept-tree.com\/concept\/wp-content\/uploads\/2025\/07\/moodboard-1024x571.png 1024w, https:\/\/concept-tree.com\/concept\/wp-content\/uploads\/2025\/07\/moodboard-300x167.png 300w, https:\/\/concept-tree.com\/concept\/wp-content\/uploads\/2025\/07\/moodboard-768x428.png 768w, https:\/\/concept-tree.com\/concept\/wp-content\/uploads\/2025\/07\/moodboard-1536x857.png 1536w, https:\/\/concept-tree.com\/concept\/wp-content\/uploads\/2025\/07\/moodboard.png 1587w\" sizes=\"(max-width: 800px) 100vw, 800px\" \/>\t\t\t\t\t\t\t\t\t\t\t\t\t\t\t<\/div>\n\t\t\t\t\t<\/div>\n\t\t\t\t<\/div>\n\t\t<div class=\"elementor-element elementor-element-86decac e-flex e-con-boxed e-con e-parent\" data-id=\"86decac\" data-element_type=\"container\">\n\t\t\t\t\t<div class=\"e-con-inner\">\n\t\t\t\t\t<\/div>\n\t\t\t\t<\/div>\n\t\t<div class=\"elementor-element elementor-element-2fb7e2a e-flex e-con-boxed e-con e-parent\" data-id=\"2fb7e2a\" data-element_type=\"container\">\n\t\t\t\t\t<div class=\"e-con-inner\">\n\t\t\t\t\t<\/div>\n\t\t\t\t<\/div>\n\t\t\t\t<\/div>\n\t\t","protected":false},"excerpt":{"rendered":"<p>Voici quelques unes de nos r\u00e9alisations, n&rsquo;h\u00e9sitez pas \u00e0 nous contacter acc\u00e9der \u00e0 notre portfolio. Exemples de moodboards<\/p>\n","protected":false},"author":1,"featured_media":0,"parent":0,"menu_order":0,"comment_status":"closed","ping_status":"closed","template":"","meta":{"footnotes":""},"class_list":["post-73","page","type-page","status-publish","hentry"],"_links":{"self":[{"href":"https:\/\/concept-tree.com\/concept\/wp-json\/wp\/v2\/pages\/73","targetHints":{"allow":["GET"]}}],"collection":[{"href":"https:\/\/concept-tree.com\/concept\/wp-json\/wp\/v2\/pages"}],"about":[{"href":"https:\/\/concept-tree.com\/concept\/wp-json\/wp\/v2\/types\/page"}],"author":[{"embeddable":true,"href":"https:\/\/concept-tree.com\/concept\/wp-json\/wp\/v2\/users\/1"}],"replies":[{"embeddable":true,"href":"https:\/\/concept-tree.com\/concept\/wp-json\/wp\/v2\/comments?post=73"}],"version-history":[{"count":22,"href":"https:\/\/concept-tree.com\/concept\/wp-json\/wp\/v2\/pages\/73\/revisions"}],"predecessor-version":[{"id":131,"href":"https:\/\/concept-tree.com\/concept\/wp-json\/wp\/v2\/pages\/73\/revisions\/131"}],"wp:attachment":[{"href":"https:\/\/concept-tree.com\/concept\/wp-json\/wp\/v2\/media?parent=73"}],"curies":[{"name":"wp","href":"https:\/\/api.w.org\/{rel}","templated":true}]}}