{"id":8,"date":"2025-07-20T15:27:16","date_gmt":"2025-07-20T13:27:16","guid":{"rendered":"https:\/\/concept-tree.com\/concept\/accueil\/"},"modified":"2026-02-21T10:38:26","modified_gmt":"2026-02-21T09:38:26","slug":"accueil","status":"publish","type":"page","link":"https:\/\/concept-tree.com\/concept\/accueil\/","title":{"rendered":"Accueil"},"content":{"rendered":"<h2>Concept Tree : <br \/>Un arbre, plusieurs concepts<\/h2>\n<p>\t\t\t\t\t\t\t\t\t\t\t\t\t\t\t<img fetchpriority=\"high\" decoding=\"async\" width=\"300\" height=\"300\" src=\"https:\/\/concept-tree.com\/concept\/wp-content\/uploads\/2025\/07\/61d5765e-6f98-40e8-9895-5c30a0209b6d-300x300.webp\" alt=\"\" srcset=\"https:\/\/concept-tree.com\/concept\/wp-content\/uploads\/2025\/07\/61d5765e-6f98-40e8-9895-5c30a0209b6d-300x300.webp 300w, https:\/\/concept-tree.com\/concept\/wp-content\/uploads\/2025\/07\/61d5765e-6f98-40e8-9895-5c30a0209b6d-150x150.webp 150w, https:\/\/concept-tree.com\/concept\/wp-content\/uploads\/2025\/07\/61d5765e-6f98-40e8-9895-5c30a0209b6d-768x768.webp 768w, https:\/\/concept-tree.com\/concept\/wp-content\/uploads\/2025\/07\/61d5765e-6f98-40e8-9895-5c30a0209b6d.webp 1024w\" sizes=\"(max-width: 300px) 100vw, 300px\" \/>\t\t\t\t\t\t\t\t\t\t\t\t\t<\/p>\n<p>Chez Concept Tree, nous croyons que chaque espace m\u00e9rite d&rsquo;\u00eatre une source d&rsquo;inspiration. Notre mission est de cr\u00e9er des environnements int\u00e9rieurs et ext\u00e9rieurs harmonieux qui allient esth\u00e9tique et fonctionnalit\u00e9. Avec une approche sur mesure, nous mettons notre expertise au service de vos projets pour transformer vos id\u00e9es en r\u00e9alit\u00e9.<\/p>\n<h3>\n\t\t\t\t\t\t\tExpertise en architecture<br \/>\n\t\t\t\t\t<\/h3>\n<p>\n\t\t\t\t\t\tNous travaillons en \u00e9troite collaboration avec vous pour comprendre vos besoins et vos attentes, garantissant des solutions adapt\u00e9es \u00e0 chaque projet.\t\t\t\t\t<\/p>\n<h3>\n\t\t\t\t\t\t\tNostalgie des courbes du pass\u00e9<br \/>\n\t\t\t\t\t<\/h3>\n<p>\n\t\t\t\t\t\tNotre inspiration vient des \u00e9poques o\u00f9 l&rsquo;esth\u00e9tique \u00e9tait aussi importante que la fonctionnalit\u00e9. Art nouveau, jardin anglais, style cottage &#8230;<br \/>\nFormes, couleurs et rondeurs sont nos ma\u00eetres-mots  \t\t\t\t\t<\/p>\n<p>\t\t\t\t\t\t\t\t\t\t\t\t\t\t\t\t\t<img decoding=\"async\" width=\"1200\" height=\"630\" src=\"https:\/\/concept-tree.com\/concept\/wp-content\/uploads\/2025\/07\/2006AL7151_2500.webp\" alt=\"\" srcset=\"https:\/\/concept-tree.com\/concept\/wp-content\/uploads\/2025\/07\/2006AL7151_2500.webp 1200w, https:\/\/concept-tree.com\/concept\/wp-content\/uploads\/2025\/07\/2006AL7151_2500-300x158.webp 300w, https:\/\/concept-tree.com\/concept\/wp-content\/uploads\/2025\/07\/2006AL7151_2500-1024x538.webp 1024w, https:\/\/concept-tree.com\/concept\/wp-content\/uploads\/2025\/07\/2006AL7151_2500-768x403.webp 768w\" sizes=\"(max-width: 1200px) 100vw, 1200px\" \/><br \/>\n\t\t\t<svg aria-hidden=\"true\" viewBox=\"0 0 576 512\" xmlns=\"http:\/\/www.w3.org\/2000\/svg\"><path d=\"M259.3 17.8L194 150.2 47.9 171.5c-26.2 3.8-36.7 36.1-17.7 54.6l105.7 103-25 145.5c-4.5 26.3 23.2 46 46.4 33.7L288 439.6l130.7 68.7c23.2 12.2 50.9-7.4 46.4-33.7l-25-145.5 105.7-103c19-18.5 8.5-50.8-17.7-54.6L382 150.2 316.7 17.8c-11.7-23.6-45.6-23.9-57.4 0z\"><\/path><\/svg>\t\t\t<\/p>\n<h2>Architecture d&rsquo;int\u00e9rieur<\/h2>\n<p>Transformez vos espaces de vie avec des designs qui allient fonctionnalit\u00e9 et esth\u00e9tisme. Nous cr\u00e9ons des ambiances uniques qui vous ressemblent.<\/p>\n<p>\t\t\t\t\t\t\t\t<a href=\"https:\/\/concept-tree.com\/concept\/services\/\"><br \/>\n\t\t\t\t\t\t\t\t\tD\u00e9couvrez plus<br \/>\n\t\t\t\t\t<\/a><br \/>\n\t\t\t<svg aria-hidden=\"true\" viewBox=\"0 0 576 512\" xmlns=\"http:\/\/www.w3.org\/2000\/svg\"><path d=\"M259.3 17.8L194 150.2 47.9 171.5c-26.2 3.8-36.7 36.1-17.7 54.6l105.7 103-25 145.5c-4.5 26.3 23.2 46 46.4 33.7L288 439.6l130.7 68.7c23.2 12.2 50.9-7.4 46.4-33.7l-25-145.5 105.7-103c19-18.5 8.5-50.8-17.7-54.6L382 150.2 316.7 17.8c-11.7-23.6-45.6-23.9-57.4 0z\"><\/path><\/svg>\t\t\t<\/p>\n<h2>Architecture ext\u00e9rieure<\/h2>\n<p>Valorisez votre b\u00e2timent gr\u00e2ce \u00e0 des concepts innovants qui harmonisent l&rsquo;architecture avec l&rsquo;environnement. Chaque projet est pens\u00e9 pour s\u00e9duire.<\/p>\n<p>\t\t\t\t\t\t\t\t<a href=\"https:\/\/concept-tree.com\/concept\/services\/\"><br \/>\n\t\t\t\t\t\t\t\t\tEn savoir plus<br \/>\n\t\t\t\t\t<\/a><br \/>\n\t\t\t<svg aria-hidden=\"true\" viewBox=\"0 0 576 512\" xmlns=\"http:\/\/www.w3.org\/2000\/svg\"><path d=\"M259.3 17.8L194 150.2 47.9 171.5c-26.2 3.8-36.7 36.1-17.7 54.6l105.7 103-25 145.5c-4.5 26.3 23.2 46 46.4 33.7L288 439.6l130.7 68.7c23.2 12.2 50.9-7.4 46.4-33.7l-25-145.5 105.7-103c19-18.5 8.5-50.8-17.7-54.6L382 150.2 316.7 17.8c-11.7-23.6-45.6-23.9-57.4 0z\"><\/path><\/svg>\t\t\t<\/p>\n<h2>Am\u00e9nagement d&rsquo;espace<\/h2>\n<p>Optimisez chaque m\u00e8tre carr\u00e9 avec nos solutions d&rsquo;am\u00e9nagement astucieuses qui am\u00e9liorent le flux et l&rsquo;esth\u00e9tique de votre espace.<\/p>\n<p>\t\t\t\t\t\t\t\t<a href=\"https:\/\/concept-tree.com\/concept\/elementor-page-73\/\"><br \/>\n\t\t\t\t\t\t\t\t\tNos projets<br \/>\n\t\t\t\t\t<\/a><\/p>\n<h2>Transformez vos espaces avec nous<\/h2>\n<p>Pr\u00eat \u00e0 donner vie \u00e0 vos projets d\u2019am\u00e9nagement int\u00e9rieur et ext\u00e9rieur ? Notre \u00e9quipe d&rsquo;experts se tient pr\u00eate \u00e0 vous accompagner \u00e0 chaque \u00e9tape, que ce soit pour une r\u00e9alisation compl\u00e8te ou des conseils personnalis\u00e9s. Ensemble, cr\u00e9ons un espace qui vous ressemble.<\/p>\n<p>\t\t\t\t\t\t\t\t<a href=\"https:\/\/concept-tree.com\/concept\/contact\/\"><br \/>\n\t\t\t\t\t\t\t\t\tContactez-nous<br \/>\n\t\t\t\t\t<\/a><\/p>\n","protected":false},"excerpt":{"rendered":"<p>Concept Tree : Un arbre, plusieurs concepts Chez Concept Tree, nous croyons que chaque espace m\u00e9rite d&rsquo;\u00eatre une source d&rsquo;inspiration. Notre mission est de cr\u00e9er des environnements int\u00e9rieurs et ext\u00e9rieurs harmonieux qui allient esth\u00e9tique et fonctionnalit\u00e9. Avec une approche sur mesure, nous mettons notre expertise au service de vos projets pour transformer vos id\u00e9es en [&hellip;]<\/p>\n","protected":false},"author":1,"featured_media":0,"parent":0,"menu_order":0,"comment_status":"closed","ping_status":"closed","template":"","meta":{"footnotes":""},"class_list":["post-8","page","type-page","status-publish","hentry"],"_links":{"self":[{"href":"https:\/\/concept-tree.com\/concept\/wp-json\/wp\/v2\/pages\/8","targetHints":{"allow":["GET"]}}],"collection":[{"href":"https:\/\/concept-tree.com\/concept\/wp-json\/wp\/v2\/pages"}],"about":[{"href":"https:\/\/concept-tree.com\/concept\/wp-json\/wp\/v2\/types\/page"}],"author":[{"embeddable":true,"href":"https:\/\/concept-tree.com\/concept\/wp-json\/wp\/v2\/users\/1"}],"replies":[{"embeddable":true,"href":"https:\/\/concept-tree.com\/concept\/wp-json\/wp\/v2\/comments?post=8"}],"version-history":[{"count":19,"href":"https:\/\/concept-tree.com\/concept\/wp-json\/wp\/v2\/pages\/8\/revisions"}],"predecessor-version":[{"id":110,"href":"https:\/\/concept-tree.com\/concept\/wp-json\/wp\/v2\/pages\/8\/revisions\/110"}],"wp:attachment":[{"href":"https:\/\/concept-tree.com\/concept\/wp-json\/wp\/v2\/media?parent=8"}],"curies":[{"name":"wp","href":"https:\/\/api.w.org\/{rel}","templated":true}]}}