{"id":9,"date":"2025-07-20T15:27:16","date_gmt":"2025-07-20T13:27:16","guid":{"rendered":"https:\/\/concept-tree.com\/concept\/services\/"},"modified":"2025-07-20T15:58:34","modified_gmt":"2025-07-20T13:58:34","slug":"services","status":"publish","type":"page","link":"https:\/\/concept-tree.com\/concept\/services\/","title":{"rendered":"Services"},"content":{"rendered":"\t\t<div data-elementor-type=\"wp-page\" data-elementor-id=\"9\" class=\"elementor elementor-9\">\n\t\t\t\t<div class=\"elementor-element elementor-element-d445f14 e-flex e-con-boxed e-con e-parent\" data-id=\"d445f14\" data-element_type=\"container\" data-settings=\"{&quot;background_background&quot;:&quot;classic&quot;}\">\n\t\t\t\t\t<div class=\"e-con-inner\">\n\t\t\t\t<div class=\"elementor-element elementor-element-7a70705 elementor-widget elementor-widget-heading\" data-id=\"7a70705\" data-element_type=\"widget\" data-widget_type=\"heading.default\">\n\t\t\t\t\t<h5 class=\"elementor-heading-title elementor-size-default\">Transformez vos espaces<\/h5>\t\t\t\t<\/div>\n\t\t\t\t<div class=\"elementor-element elementor-element-31f1e83 elementor-widget elementor-widget-heading\" data-id=\"31f1e83\" data-element_type=\"widget\" data-widget_type=\"heading.default\">\n\t\t\t\t\t<h2 class=\"elementor-heading-title elementor-size-default\">Des solutions sur mesure pour chaque projet<\/h2>\t\t\t\t<\/div>\n\t\t\t\t<div class=\"elementor-element elementor-element-e27c2ca elementor-widget__width-initial elementor-widget elementor-widget-text-editor\" data-id=\"e27c2ca\" data-element_type=\"widget\" data-widget_type=\"text-editor.default\">\n\t\t\t\t\t\t\t\t\t<p>Chez Concept Tree, nous cr\u00e9ons des environnements uniques qui allient esth\u00e9tique et fonctionnalit\u00e9. Que ce soit pour un projet d\u2019int\u00e9rieur ou d\u2019ext\u00e9rieur, nous sommes \u00e0 l&rsquo;\u00e9coute de vos besoins pour transformer votre vision en r\u00e9alit\u00e9. D\u00e9couvrez nos services d&rsquo;am\u00e9nagement, d&rsquo;installation et plus encore, adapt\u00e9s \u00e0 toutes vos ambitions.<\/p>\t\t\t\t\t\t\t\t<\/div>\n\t\t<div class=\"elementor-element elementor-element-8845d9f e-con-full e-flex e-con e-child\" data-id=\"8845d9f\" data-element_type=\"container\">\n\t\t\t\t<div class=\"elementor-element elementor-element-7c77787 elementor-widget__width-auto elementor-mobile-align-right elementor-widget elementor-widget-button\" data-id=\"7c77787\" data-element_type=\"widget\" data-widget_type=\"button.default\">\n\t\t\t\t\t\t\t\t\t\t<a class=\"elementor-button elementor-button-link elementor-size-sm\" href=\"#\">\n\t\t\t\t\t\t<span class=\"elementor-button-content-wrapper\">\n\t\t\t\t\t\t\t\t\t<span class=\"elementor-button-text\">En savoir plus<\/span>\n\t\t\t\t\t<\/span>\n\t\t\t\t\t<\/a>\n\t\t\t\t\t\t\t\t<\/div>\n\t\t\t\t<div class=\"elementor-element elementor-element-78bab11 elementor-widget__width-auto elementor-mobile-align-right elementor-widget elementor-widget-button\" data-id=\"78bab11\" data-element_type=\"widget\" data-widget_type=\"button.default\">\n\t\t\t\t\t\t\t\t\t\t<a class=\"elementor-button elementor-button-link elementor-size-sm\" href=\"#\">\n\t\t\t\t\t\t<span class=\"elementor-button-content-wrapper\">\n\t\t\t\t\t\t\t\t\t<span class=\"elementor-button-text\">Nos r\u00e9alisations<\/span>\n\t\t\t\t\t<\/span>\n\t\t\t\t\t<\/a>\n\t\t\t\t\t\t\t\t<\/div>\n\t\t\t\t<\/div>\n\t\t\t\t\t<\/div>\n\t\t\t\t<\/div>\n\t\t<div class=\"elementor-element elementor-element-8edd438 e-flex e-con-boxed e-con e-parent\" data-id=\"8edd438\" data-element_type=\"container\" data-settings=\"{&quot;background_background&quot;:&quot;classic&quot;}\">\n\t\t\t\t\t<div class=\"e-con-inner\">\n\t\t<div class=\"elementor-element elementor-element-2323b91 e-con-full e-flex e-con e-child\" data-id=\"2323b91\" data-element_type=\"container\">\n\t\t\t\t<div class=\"elementor-element elementor-element-0eaea54 elementor-widget elementor-widget-heading\" data-id=\"0eaea54\" data-element_type=\"widget\" data-widget_type=\"heading.default\">\n\t\t\t\t\t<h2 class=\"elementor-heading-title elementor-size-default\">Conception Int\u00e9rieure<\/h2>\t\t\t\t<\/div>\n\t\t\t\t<div class=\"elementor-element elementor-element-fbd8bfa elementor-widget elementor-widget-text-editor\" data-id=\"fbd8bfa\" data-element_type=\"widget\" data-widget_type=\"text-editor.default\">\n\t\t\t\t\t\t\t\t\t<p>Chez Concept Tree, notre mission est de transformer vos espaces en v\u00e9ritables \u0153uvres d\u2019art fonctionnelles. Nous croyons que chaque projet est une occasion de cr\u00e9er une atmosph\u00e8re unique qui correspond \u00e0 votre style de vie et vision.<\/p><p>Avec une expertise en am\u00e9nagement int\u00e9rieur et ext\u00e9rieur, nous nous engageons \u00e0 offrir des solutions innovantes, alliant esth\u00e9tique et praticit\u00e9. Nous prenons le temps d&rsquo;\u00e9couter vos besoins et de comprendre vos attentes pour faire de votre projet une r\u00e9alit\u00e9. Que ce soit pour une r\u00e9novation ou un nouvel am\u00e9nagement, notre \u00e9quipe est pr\u00eate \u00e0 relever le d\u00e9fi et \u00e0 vous accompagner \u00e0 chaque \u00e9tape.<\/p>\t\t\t\t\t\t\t\t<\/div>\n\t\t\t\t<\/div>\n\t\t<div class=\"elementor-element elementor-element-ce2c107 e-con-full e-flex e-con e-child\" data-id=\"ce2c107\" data-element_type=\"container\">\n\t\t\t\t<div class=\"elementor-element elementor-element-57dc36c elementor-widget elementor-widget-image\" data-id=\"57dc36c\" data-element_type=\"widget\" data-widget_type=\"image.default\">\n\t\t\t\t\t\t\t\t\t\t\t\t\t\t\t<img fetchpriority=\"high\" decoding=\"async\" width=\"768\" height=\"1024\" src=\"https:\/\/concept-tree.com\/concept\/wp-content\/uploads\/2025\/07\/inigo_l-appartement-d-une-antiquaire_6-768x1024.jpg\" class=\"attachment-large size-large wp-image-49\" alt=\"\" srcset=\"https:\/\/concept-tree.com\/concept\/wp-content\/uploads\/2025\/07\/inigo_l-appartement-d-une-antiquaire_6-768x1024.jpg 768w, https:\/\/concept-tree.com\/concept\/wp-content\/uploads\/2025\/07\/inigo_l-appartement-d-une-antiquaire_6-225x300.jpg 225w, https:\/\/concept-tree.com\/concept\/wp-content\/uploads\/2025\/07\/inigo_l-appartement-d-une-antiquaire_6.jpg 800w\" sizes=\"(max-width: 768px) 100vw, 768px\" \/>\t\t\t\t\t\t\t\t\t\t\t\t\t\t\t<\/div>\n\t\t\t\t<\/div>\n\t\t\t\t\t<\/div>\n\t\t\t\t<\/div>\n\t\t<div class=\"elementor-element elementor-element-1aa8ee2 e-flex e-con-boxed e-con e-parent\" data-id=\"1aa8ee2\" data-element_type=\"container\" data-settings=\"{&quot;background_background&quot;:&quot;classic&quot;}\">\n\t\t\t\t\t<div class=\"e-con-inner\">\n\t\t<div class=\"elementor-element elementor-element-f5f4b66 e-con-full e-flex e-con e-child\" data-id=\"f5f4b66\" data-element_type=\"container\">\n\t\t\t\t<div class=\"elementor-element elementor-element-e068a01 elementor-widget elementor-widget-heading\" data-id=\"e068a01\" data-element_type=\"widget\" data-widget_type=\"heading.default\">\n\t\t\t\t\t<h2 class=\"elementor-heading-title elementor-size-default\">Conception Ext\u00e9rieure<\/h2>\t\t\t\t<\/div>\n\t\t\t\t<div class=\"elementor-element elementor-element-477522a elementor-widget elementor-widget-text-editor\" data-id=\"477522a\" data-element_type=\"widget\" data-widget_type=\"text-editor.default\">\n\t\t\t\t\t\t\t\t\t<p>Notre vision de l&rsquo;ext\u00e9rieure est clair: nous souhaitons cr\u00e9er un maximum de place pour la biodiversit\u00e9, favorisant ainsi un \u00e9cosyst\u00e8me riche et vari\u00e9. Nous int\u00e9grons des mat\u00e9riaux durables et respectueux de l&rsquo;environnement, tout en jouant avec des courbes et des formes harmonieuses, ainsi qu&rsquo;une palette de couleurs vives et attrayantes pour \u00e9gayer cet espace naturel.<\/p>\t\t\t\t\t\t\t\t<\/div>\n\t\t\t\t<\/div>\n\t\t<div class=\"elementor-element elementor-element-786c4db e-con-full e-flex e-con e-child\" data-id=\"786c4db\" data-element_type=\"container\">\n\t\t\t\t<div class=\"elementor-element elementor-element-cc8179e elementor-widget elementor-widget-image\" data-id=\"cc8179e\" data-element_type=\"widget\" data-widget_type=\"image.default\">\n\t\t\t\t\t\t\t\t\t\t\t\t\t\t\t<img decoding=\"async\" width=\"600\" height=\"398\" src=\"https:\/\/concept-tree.com\/concept\/wp-content\/uploads\/2025\/07\/image-750-4b44439ce35ae1a499449984d19d9a58.png\" class=\"attachment-large size-large wp-image-50\" alt=\"\" srcset=\"https:\/\/concept-tree.com\/concept\/wp-content\/uploads\/2025\/07\/image-750-4b44439ce35ae1a499449984d19d9a58.png 600w, https:\/\/concept-tree.com\/concept\/wp-content\/uploads\/2025\/07\/image-750-4b44439ce35ae1a499449984d19d9a58-300x199.png 300w\" sizes=\"(max-width: 600px) 100vw, 600px\" \/>\t\t\t\t\t\t\t\t\t\t\t\t\t\t\t<\/div>\n\t\t\t\t<\/div>\n\t\t\t\t\t<\/div>\n\t\t\t\t<\/div>\n\t\t<div class=\"elementor-element elementor-element-07d182e e-flex e-con-boxed e-con e-parent\" data-id=\"07d182e\" data-element_type=\"container\" data-settings=\"{&quot;background_background&quot;:&quot;classic&quot;}\">\n\t\t\t\t\t<div class=\"e-con-inner\">\n\t\t<div class=\"elementor-element elementor-element-e424d5a e-con-full e-flex e-con e-child\" data-id=\"e424d5a\" data-element_type=\"container\">\n\t\t<div class=\"elementor-element elementor-element-efc6661 e-grid e-con-boxed e-con e-child\" data-id=\"efc6661\" data-element_type=\"container\">\n\t\t\t\t\t<div class=\"e-con-inner\">\n\t\t\t\t<div class=\"elementor-element elementor-element-49bdce8 elementor-position-left elementor-view-default elementor-mobile-position-top elementor-vertical-align-top elementor-widget elementor-widget-icon-box\" data-id=\"49bdce8\" data-element_type=\"widget\" data-widget_type=\"icon-box.default\">\n\t\t\t\t\t\t\t<div class=\"elementor-icon-box-wrapper\">\n\n\t\t\t\t\t\t<div class=\"elementor-icon-box-icon\">\n\t\t\t\t<span  class=\"elementor-icon\">\n\t\t\t\t<svg aria-hidden=\"true\" class=\"e-font-icon-svg e-fas-star\" viewBox=\"0 0 576 512\" xmlns=\"http:\/\/www.w3.org\/2000\/svg\"><path d=\"M259.3 17.8L194 150.2 47.9 171.5c-26.2 3.8-36.7 36.1-17.7 54.6l105.7 103-25 145.5c-4.5 26.3 23.2 46 46.4 33.7L288 439.6l130.7 68.7c23.2 12.2 50.9-7.4 46.4-33.7l-25-145.5 105.7-103c19-18.5 8.5-50.8-17.7-54.6L382 150.2 316.7 17.8c-11.7-23.6-45.6-23.9-57.4 0z\"><\/path><\/svg>\t\t\t\t<\/span>\n\t\t\t<\/div>\n\t\t\t\n\t\t\t\t\t\t<div class=\"elementor-icon-box-content\">\n\n\t\t\t\t\t\t\t\t\t<h3 class=\"elementor-icon-box-title\">\n\t\t\t\t\t\t<span  >\n\t\t\t\t\t\t\t\u00c9tape 1 : Id\u00e9ation\t\t\t\t\t\t<\/span>\n\t\t\t\t\t<\/h3>\n\t\t\t\t\n\t\t\t\t\t\t\t\t\t<p class=\"elementor-icon-box-description\">\n\t\t\t\t\t\tNous commen\u00e7ons par comprendre vos besoins et vos souhaits. Ensuite, nous esquissons des id\u00e9es qui refl\u00e8tent votre vision et s\u2019int\u00e8grent parfaitement \u00e0 l\u2019espace.\t\t\t\t\t<\/p>\n\t\t\t\t\n\t\t\t<\/div>\n\t\t\t\n\t\t<\/div>\n\t\t\t\t\t\t<\/div>\n\t\t\t\t<div class=\"elementor-element elementor-element-cadb16d elementor-position-left elementor-view-default elementor-mobile-position-top elementor-vertical-align-top elementor-widget elementor-widget-icon-box\" data-id=\"cadb16d\" data-element_type=\"widget\" data-widget_type=\"icon-box.default\">\n\t\t\t\t\t\t\t<div class=\"elementor-icon-box-wrapper\">\n\n\t\t\t\t\t\t<div class=\"elementor-icon-box-icon\">\n\t\t\t\t<span  class=\"elementor-icon\">\n\t\t\t\t<svg aria-hidden=\"true\" class=\"e-font-icon-svg e-fas-star\" viewBox=\"0 0 576 512\" xmlns=\"http:\/\/www.w3.org\/2000\/svg\"><path d=\"M259.3 17.8L194 150.2 47.9 171.5c-26.2 3.8-36.7 36.1-17.7 54.6l105.7 103-25 145.5c-4.5 26.3 23.2 46 46.4 33.7L288 439.6l130.7 68.7c23.2 12.2 50.9-7.4 46.4-33.7l-25-145.5 105.7-103c19-18.5 8.5-50.8-17.7-54.6L382 150.2 316.7 17.8c-11.7-23.6-45.6-23.9-57.4 0z\"><\/path><\/svg>\t\t\t\t<\/span>\n\t\t\t<\/div>\n\t\t\t\n\t\t\t\t\t\t<div class=\"elementor-icon-box-content\">\n\n\t\t\t\t\t\t\t\t\t<h3 class=\"elementor-icon-box-title\">\n\t\t\t\t\t\t<span  >\n\t\t\t\t\t\t\t\u00c9tape 2 : Conception\t\t\t\t\t\t<\/span>\n\t\t\t\t\t<\/h3>\n\t\t\t\t\n\t\t\t\t\t\t\t\t\t<p class=\"elementor-icon-box-description\">\n\t\t\t\t\t\tApr\u00e8s validation, nous \u00e9laborons les plans d\u00e9taill\u00e9s. C'est ici que les id\u00e9es prennent forme avec des dimensions et des mat\u00e9riaux adapt\u00e9s.\t\t\t\t\t<\/p>\n\t\t\t\t\n\t\t\t<\/div>\n\t\t\t\n\t\t<\/div>\n\t\t\t\t\t\t<\/div>\n\t\t\t\t<div class=\"elementor-element elementor-element-a60a27e elementor-position-left elementor-view-default elementor-mobile-position-top elementor-vertical-align-top elementor-widget elementor-widget-icon-box\" data-id=\"a60a27e\" data-element_type=\"widget\" data-widget_type=\"icon-box.default\">\n\t\t\t\t\t\t\t<div class=\"elementor-icon-box-wrapper\">\n\n\t\t\t\t\t\t<div class=\"elementor-icon-box-icon\">\n\t\t\t\t<span  class=\"elementor-icon\">\n\t\t\t\t<svg aria-hidden=\"true\" class=\"e-font-icon-svg e-fas-star\" viewBox=\"0 0 576 512\" xmlns=\"http:\/\/www.w3.org\/2000\/svg\"><path d=\"M259.3 17.8L194 150.2 47.9 171.5c-26.2 3.8-36.7 36.1-17.7 54.6l105.7 103-25 145.5c-4.5 26.3 23.2 46 46.4 33.7L288 439.6l130.7 68.7c23.2 12.2 50.9-7.4 46.4-33.7l-25-145.5 105.7-103c19-18.5 8.5-50.8-17.7-54.6L382 150.2 316.7 17.8c-11.7-23.6-45.6-23.9-57.4 0z\"><\/path><\/svg>\t\t\t\t<\/span>\n\t\t\t<\/div>\n\t\t\t\n\t\t\t\t\t\t<div class=\"elementor-icon-box-content\">\n\n\t\t\t\t\t\t\t\t\t<h3 class=\"elementor-icon-box-title\">\n\t\t\t\t\t\t<span  >\n\t\t\t\t\t\t\t\u00c9tape 3 : R\u00e9alisation\t\t\t\t\t\t<\/span>\n\t\t\t\t\t<\/h3>\n\t\t\t\t\n\t\t\t\t\t\t\t\t\t<p class=\"elementor-icon-box-description\">\n\t\t\t\t\t\tUne fois les plans finalis\u00e9s, nous passons \u00e0 la r\u00e9alisation. Chaque d\u00e9tail est suivi avec soin pour garantir un r\u00e9sultat \u00e0 la hauteur de vos attentes.\t\t\t\t\t<\/p>\n\t\t\t\t\n\t\t\t<\/div>\n\t\t\t\n\t\t<\/div>\n\t\t\t\t\t\t<\/div>\n\t\t\t\t\t<\/div>\n\t\t\t\t<\/div>\n\t\t\t\t<\/div>\n\t\t<div class=\"elementor-element elementor-element-d6db41d e-con-full e-flex e-con e-child\" data-id=\"d6db41d\" data-element_type=\"container\">\n\t\t\t\t<div class=\"elementor-element elementor-element-8eb00ce elementor-widget elementor-widget-image\" data-id=\"8eb00ce\" data-element_type=\"widget\" data-widget_type=\"image.default\">\n\t\t\t\t\t\t\t\t\t\t\t\t\t\t\t<img decoding=\"async\" width=\"800\" height=\"800\" src=\"https:\/\/concept-tree.com\/concept\/wp-content\/uploads\/2025\/07\/71LQh0nQ6ZL-1024x1024.jpg\" class=\"attachment-large size-large wp-image-48\" alt=\"\" srcset=\"https:\/\/concept-tree.com\/concept\/wp-content\/uploads\/2025\/07\/71LQh0nQ6ZL-1024x1024.jpg 1024w, https:\/\/concept-tree.com\/concept\/wp-content\/uploads\/2025\/07\/71LQh0nQ6ZL-300x300.jpg 300w, https:\/\/concept-tree.com\/concept\/wp-content\/uploads\/2025\/07\/71LQh0nQ6ZL-150x150.jpg 150w, https:\/\/concept-tree.com\/concept\/wp-content\/uploads\/2025\/07\/71LQh0nQ6ZL-768x768.jpg 768w, https:\/\/concept-tree.com\/concept\/wp-content\/uploads\/2025\/07\/71LQh0nQ6ZL-1536x1536.jpg 1536w, https:\/\/concept-tree.com\/concept\/wp-content\/uploads\/2025\/07\/71LQh0nQ6ZL.jpg 1601w\" sizes=\"(max-width: 800px) 100vw, 800px\" \/>\t\t\t\t\t\t\t\t\t\t\t\t\t\t\t<\/div>\n\t\t\t\t<\/div>\n\t\t\t\t\t<\/div>\n\t\t\t\t<\/div>\n\t\t<div class=\"elementor-element elementor-element-6f4a52b e-flex e-con-boxed e-con e-parent\" data-id=\"6f4a52b\" data-element_type=\"container\">\n\t\t\t\t\t<div class=\"e-con-inner\">\n\t\t<div class=\"elementor-element elementor-element-c8c3bf8 e-con-full e-flex e-con e-child\" data-id=\"c8c3bf8\" data-element_type=\"container\">\n\t\t\t\t<div class=\"elementor-element elementor-element-13997e4 elementor-widget elementor-widget-heading\" data-id=\"13997e4\" data-element_type=\"widget\" data-widget_type=\"heading.default\">\n\t\t\t\t\t<h5 class=\"elementor-heading-title elementor-size-default\">Votre espace, notre art<\/h5>\t\t\t\t<\/div>\n\t\t\t\t<div class=\"elementor-element elementor-element-c8ea2b0 elementor-widget elementor-widget-heading\" data-id=\"c8ea2b0\" data-element_type=\"widget\" data-widget_type=\"heading.default\">\n\t\t\t\t\t<h2 class=\"elementor-heading-title elementor-size-default\">R\u00e9alisez vos projets, avec passion et pr\u00e9cision<\/h2>\t\t\t\t<\/div>\n\t\t\t\t<\/div>\n\t\t<div class=\"elementor-element elementor-element-5843d4d e-con-full e-flex e-con e-child\" data-id=\"5843d4d\" data-element_type=\"container\">\n\t\t\t\t<div class=\"elementor-element elementor-element-3e34730 elementor-widget elementor-widget-text-editor\" data-id=\"3e34730\" data-element_type=\"widget\" data-widget_type=\"text-editor.default\">\n\t\t\t\t\t\t\t\t\t<p>Chez nous, chaque projet est une occasion de transformer vos id\u00e9es en r\u00e9alit\u00e9. Qu&rsquo;il s&rsquo;agisse de travaux de peinture aux couleurs vibrantes, de papier peint qui donne du caract\u00e8re \u00e0 une pi\u00e8ce, ou de l&rsquo;achat et de l&rsquo;installation de luminaires qui illuminent votre espace, notre expertise est \u00e0 votre service. Nous nous engageons \u00e0 s\u00e9lectionner avec soin chaque objet, pour s&rsquo;assurer qu&rsquo;il s&rsquo;harmonise parfaitement avec votre int\u00e9rieur.<\/p><p>Nous proposons \u00e9galement un service de plantation pour y int\u00e9grer la beaut\u00e9 de la nature dans vos am\u00e9nagements ext\u00e9rieurs. Notre approche est \u00e0 la fois cr\u00e9ative et professionnelle, garantissant que chaque d\u00e9tail est pris en compte pour r\u00e9pondre \u00e0 vos besoins sp\u00e9cifiques. Ensemble, donnons vie \u00e0 des espaces qui vous ressemblent et qui sont con\u00e7us pour inspirer.<\/p>\t\t\t\t\t\t\t\t<\/div>\n\t\t\t\t<\/div>\n\t\t\t\t\t<\/div>\n\t\t\t\t<\/div>\n\t\t<div class=\"elementor-element elementor-element-1c0f94b e-flex e-con-boxed e-con e-parent\" data-id=\"1c0f94b\" data-element_type=\"container\" data-settings=\"{&quot;background_background&quot;:&quot;classic&quot;}\">\n\t\t\t\t\t<div class=\"e-con-inner\">\n\t\t<div class=\"elementor-element elementor-element-988dd3f e-flex e-con-boxed e-con e-child\" data-id=\"988dd3f\" data-element_type=\"container\">\n\t\t\t\t\t<div class=\"e-con-inner\">\n\t\t\t\t<div class=\"elementor-element elementor-element-f166c4e elementor-widget elementor-widget-heading\" data-id=\"f166c4e\" data-element_type=\"widget\" data-widget_type=\"heading.default\">\n\t\t\t\t\t<h4 class=\"elementor-heading-title elementor-size-default\">Contactez-nous pour donner vie \u00e0 vos projets<\/h4>\t\t\t\t<\/div>\n\t\t\t\t<div class=\"elementor-element elementor-element-4646ff5 elementor-widget__width-auto elementor-align-right elementor-widget elementor-widget-button\" data-id=\"4646ff5\" data-element_type=\"widget\" data-widget_type=\"button.default\">\n\t\t\t\t\t\t\t\t\t\t<a class=\"elementor-button elementor-button-link elementor-size-sm\" href=\"#\">\n\t\t\t\t\t\t<span class=\"elementor-button-content-wrapper\">\n\t\t\t\t\t\t\t\t\t<span class=\"elementor-button-text\">Nous \u00e9crire<\/span>\n\t\t\t\t\t<\/span>\n\t\t\t\t\t<\/a>\n\t\t\t\t\t\t\t\t<\/div>\n\t\t\t\t\t<\/div>\n\t\t\t\t<\/div>\n\t\t\t\t\t<\/div>\n\t\t\t\t<\/div>\n\t\t\t\t<\/div>\n\t\t","protected":false},"excerpt":{"rendered":"<p>Transformez vos espaces Des solutions sur mesure pour chaque projet Chez Concept Tree, nous cr\u00e9ons des environnements uniques qui allient esth\u00e9tique et fonctionnalit\u00e9. Que ce soit pour un projet d\u2019int\u00e9rieur ou d\u2019ext\u00e9rieur, nous sommes \u00e0 l&rsquo;\u00e9coute de vos besoins pour transformer votre vision en r\u00e9alit\u00e9. D\u00e9couvrez nos services d&rsquo;am\u00e9nagement, d&rsquo;installation et plus encore, adapt\u00e9s \u00e0 [&hellip;]<\/p>\n","protected":false},"author":1,"featured_media":0,"parent":0,"menu_order":0,"comment_status":"closed","ping_status":"closed","template":"","meta":{"footnotes":""},"class_list":["post-9","page","type-page","status-publish","hentry"],"_links":{"self":[{"href":"https:\/\/concept-tree.com\/concept\/wp-json\/wp\/v2\/pages\/9","targetHints":{"allow":["GET"]}}],"collection":[{"href":"https:\/\/concept-tree.com\/concept\/wp-json\/wp\/v2\/pages"}],"about":[{"href":"https:\/\/concept-tree.com\/concept\/wp-json\/wp\/v2\/types\/page"}],"author":[{"embeddable":true,"href":"https:\/\/concept-tree.com\/concept\/wp-json\/wp\/v2\/users\/1"}],"replies":[{"embeddable":true,"href":"https:\/\/concept-tree.com\/concept\/wp-json\/wp\/v2\/comments?post=9"}],"version-history":[{"count":4,"href":"https:\/\/concept-tree.com\/concept\/wp-json\/wp\/v2\/pages\/9\/revisions"}],"predecessor-version":[{"id":53,"href":"https:\/\/concept-tree.com\/concept\/wp-json\/wp\/v2\/pages\/9\/revisions\/53"}],"wp:attachment":[{"href":"https:\/\/concept-tree.com\/concept\/wp-json\/wp\/v2\/media?parent=9"}],"curies":[{"name":"wp","href":"https:\/\/api.w.org\/{rel}","templated":true}]}}